{"id":12486,"date":"2023-06-20T16:17:19","date_gmt":"2023-06-20T14:17:19","guid":{"rendered":"https:\/\/operazuid.nl\/opera-facts\/"},"modified":"2023-06-27T17:33:58","modified_gmt":"2023-06-27T15:33:58","slug":"opera-facts","status":"publish","type":"page","link":"https:\/\/operazuid.nl\/en\/opera-facts\/","title":{"rendered":"Opera facts"},"content":{"rendered":"\n<p><\/p>\n\r\n\r\n<div class=\"eye-block fullwidth-row   alignfull bg--light\" >\r\n\r\n    <div class=\"inner-row\">\r\n        \n\n<div class=\"ghostkit-grid ghostkit-grid-gap-md\"><div class=\"ghostkit-grid-inner\">\n<div class=\"ghostkit-col ghostkit-col-md-12 ghostkit-col-6\"><div class=\"ghostkit-col-content is-layout-flow wp-block-ghostkit-grid-column-is-layout-flow\">\n<h3 class=\"wp-block-heading\" id=\"kvk-nummer-en-rsin-nummer\">Act<\/h3>\n<\/div><\/div>\n\n\n\n<div class=\"ghostkit-col ghostkit-col-md-12 ghostkit-col-6\"><div class=\"ghostkit-col-content is-layout-flow wp-block-ghostkit-grid-column-is-layout-flow\">\n<p>An opera, like most plays, consists of acts (main parts) in which the action takes place. Each act consists of scenes. When one or more characters leave the stage, a new scene begins.&#13;\n&#13;\n<\/p>\n<\/div><\/div>\n<\/div><\/div>\n\n\n\n<div class=\"ghostkit-divider ghostkit-divider-type-solid ghostkit-custom-ZlQcqP\"><\/div>\n\n\n\n<div class=\"ghostkit-grid ghostkit-grid-gap-md\"><div class=\"ghostkit-grid-inner\">\n<div class=\"ghostkit-col ghostkit-col-md-12 ghostkit-col-6\"><div class=\"ghostkit-col-content is-layout-flow wp-block-ghostkit-grid-column-is-layout-flow\">\n<h3 class=\"wp-block-heading\" id=\"kvk-nummer-en-rsin-nummer\">Aria (literally air, breath)<\/h3>\n<\/div><\/div>\n\n\n\n<div class=\"ghostkit-col ghostkit-col-md-12 ghostkit-col-6\"><div class=\"ghostkit-col-content is-layout-flow wp-block-ghostkit-grid-column-is-layout-flow\">\n<p>A song, for one singer, to express a feeling. In its original form, the aria does not contribute to the action: the story pauses, and the spectator witnesses the emotional expression. The arias are often the opera\u2019s vocal highlights: the \u2018hits\u2019.<\/p>\n<\/div><\/div>\n<\/div><\/div>\n\n\n\n<div class=\"ghostkit-divider ghostkit-divider-type-solid ghostkit-custom-Z1S1lym\"><\/div>\n\n\n\n<div class=\"ghostkit-grid ghostkit-grid-gap-md\"><div class=\"ghostkit-grid-inner\">\n<div class=\"ghostkit-col ghostkit-col-md-12 ghostkit-col-6\"><div class=\"ghostkit-col-content is-layout-flow wp-block-ghostkit-grid-column-is-layout-flow\">\n<h3 class=\"wp-block-heading\" id=\"actuele-beleidsplannen\">Belcanto (Italian for clean, beautiful singing)<\/h3>\n<\/div><\/div>\n\n\n\n<div class=\"ghostkit-col ghostkit-col-md-12 ghostkit-col-6\"><div class=\"ghostkit-col-content is-layout-flow wp-block-ghostkit-grid-column-is-layout-flow\">\n<p>Italian singing between the seventeenth and nineteenth century in which the sound is conveyed as naturally and evenly as possible. The sound and its beauty can be at the expense of the dramatic expression. The solo singer was given an important place in the performance because the composer gave him space for a virtuoso embellishment of the melody. The Bel canto features in operas by composers Bellini, Donizetti, Rossini and Verdi.<\/p>\n<\/div><\/div>\n<\/div><\/div>\n\n\n\n<div class=\"ghostkit-divider ghostkit-divider-type-solid ghostkit-custom-28uG0I\"><\/div>\n\n\n\n<div class=\"ghostkit-grid ghostkit-grid-gap-md\"><div class=\"ghostkit-grid-inner\">\n<div class=\"ghostkit-col ghostkit-col-md-12 ghostkit-col-6\"><div class=\"ghostkit-col-content is-layout-flow wp-block-ghostkit-grid-column-is-layout-flow\">\n<h3 class=\"wp-block-heading\" id=\"actuele-beleidsplannen\">Cavatina<\/h3>\n<\/div><\/div>\n\n\n\n<div class=\"ghostkit-col ghostkit-col-md-12 ghostkit-col-6\"><div class=\"ghostkit-col-content is-layout-flow wp-block-ghostkit-grid-column-is-layout-flow\">\n<p>A short, lyrical piece for a soloist.<\/p>\n<\/div><\/div>\n<\/div><\/div>\n\n\n\n<div class=\"ghostkit-divider ghostkit-divider-type-solid ghostkit-custom-Z1lJEt4\"><\/div>\n\n\n\n<div class=\"ghostkit-grid ghostkit-grid-gap-md\"><div class=\"ghostkit-grid-inner\">\n<div class=\"ghostkit-col ghostkit-col-md-12 ghostkit-col-6\"><div class=\"ghostkit-col-content is-layout-flow wp-block-ghostkit-grid-column-is-layout-flow\">\n<h3 class=\"wp-block-heading\" id=\"actuele-beleidsplannen\">Finale<\/h3>\n<\/div><\/div>\n\n\n\n<div class=\"ghostkit-col ghostkit-col-md-12 ghostkit-col-6\"><div class=\"ghostkit-col-content is-layout-flow wp-block-ghostkit-grid-column-is-layout-flow\">\n<p>The closing piece of a larger piece of music. In opera, the finale is the final scene of an act.<\/p>\n<\/div><\/div>\n<\/div><\/div>\n\n\n\n<div class=\"ghostkit-divider ghostkit-divider-type-solid ghostkit-custom-1bmX3F\"><\/div>\n\n\n\n<div class=\"ghostkit-grid ghostkit-grid-gap-md\"><div class=\"ghostkit-grid-inner\">\n<div class=\"ghostkit-col ghostkit-col-md-12 ghostkit-col-6\"><div class=\"ghostkit-col-content is-layout-flow wp-block-ghostkit-grid-column-is-layout-flow\">\n<h3 class=\"wp-block-heading\" id=\"actuele-beleidsplannen\">Libretto<\/h3>\n<\/div><\/div>\n\n\n\n<div class=\"ghostkit-col ghostkit-col-md-12 ghostkit-col-6\"><div class=\"ghostkit-col-content is-layout-flow wp-block-ghostkit-grid-column-is-layout-flow\">\n<p>The text of an opera. Sometimes the composer writes the libretto himself. Usually, there is a separate lyricist for it: the librettist.<\/p>\n<\/div><\/div>\n<\/div><\/div>\n\n\n\n<div class=\"ghostkit-divider ghostkit-divider-type-solid ghostkit-custom-Q7q71\"><\/div>\n\n\n\n<div class=\"ghostkit-grid ghostkit-grid-gap-md\"><div class=\"ghostkit-grid-inner\">\n<div class=\"ghostkit-col ghostkit-col-md-12 ghostkit-col-6\"><div class=\"ghostkit-col-content is-layout-flow wp-block-ghostkit-grid-column-is-layout-flow\">\n<h3 class=\"wp-block-heading\" id=\"actuele-beleidsplannen\">Musical<\/h3>\n<\/div><\/div>\n\n\n\n<div class=\"ghostkit-col ghostkit-col-md-12 ghostkit-col-6\"><div class=\"ghostkit-col-content is-layout-flow wp-block-ghostkit-grid-column-is-layout-flow\">\n<p>A modern form of opera or operetta that originated in America. A musical also takes place on a set, and there is singing and acting. A significant difference is the vocal technique: opera singers are trained to sing without amplification, so without a microphone. Furthermore. the element of spectacle is also important.<\/p>\n<\/div><\/div>\n<\/div><\/div>\n\n\n\n<div class=\"ghostkit-divider ghostkit-divider-type-solid ghostkit-custom-Z2weiwv\"><\/div>\n\n\n\n<div class=\"ghostkit-grid ghostkit-grid-gap-md\"><div class=\"ghostkit-grid-inner\">\n<div class=\"ghostkit-col ghostkit-col-md-12 ghostkit-col-6\"><div class=\"ghostkit-col-content is-layout-flow wp-block-ghostkit-grid-column-is-layout-flow\">\n<h3 class=\"wp-block-heading\" id=\"actuele-beleidsplannen\">Opera<\/h3>\n<\/div><\/div>\n\n\n\n<div class=\"ghostkit-col ghostkit-col-md-12 ghostkit-col-6\"><div class=\"ghostkit-col-content is-layout-flow wp-block-ghostkit-grid-column-is-layout-flow\">\n<p>A play set to music. The opera\u2019s actors are singers who sing rather than pronounce their lines. Because opera contains many different elements (music, theatre, image, language), we call it a complex art form. It originated around 1600 in Italy and was undisputedly the leading music genre until the beginning of the twentieth century.<\/p>\n<\/div><\/div>\n<\/div><\/div>\n\n\n\n<div class=\"ghostkit-divider ghostkit-divider-type-solid ghostkit-custom-Z1l5TpV\"><\/div>\n\n\n\n<div class=\"ghostkit-grid ghostkit-grid-gap-md\"><div class=\"ghostkit-grid-inner\">\n<div class=\"ghostkit-col ghostkit-col-md-12 ghostkit-col-6\"><div class=\"ghostkit-col-content is-layout-flow wp-block-ghostkit-grid-column-is-layout-flow\">\n<h3 class=\"wp-block-heading\" id=\"actuele-beleidsplannen\">Opera buffa (Italian for happy, comic opera)<\/h3>\n<\/div><\/div>\n\n\n\n<div class=\"ghostkit-col ghostkit-col-md-12 ghostkit-col-6\"><div class=\"ghostkit-col-content is-layout-flow wp-block-ghostkit-grid-column-is-layout-flow\">\n<p>Italian opera from the eighteenth and nineteenth century that emerged from the Commedia dell\u2019Arte (theatre). Initially, the opera buffa was a short, comical intermezzo performed in the intermission of an opera seria at the beginning of the eighteenth century. Based on these first initiatives, the opera buffa developed into an independent opera genre. Everyday-like, stereotypical characters were often used for the opera buffa, who commented on political and social situations in the form of satire. The most famous opera buffa is probably Rossini\u2019s The Barber of Seville.<\/p>\n<\/div><\/div>\n<\/div><\/div>\n\n\n\n<div class=\"ghostkit-divider ghostkit-divider-type-solid ghostkit-custom-Z1pzvbr\"><\/div>\n\n\n\n<div class=\"ghostkit-grid ghostkit-grid-gap-md\"><div class=\"ghostkit-grid-inner\">\n<div class=\"ghostkit-col ghostkit-col-md-12 ghostkit-col-6\"><div class=\"ghostkit-col-content is-layout-flow wp-block-ghostkit-grid-column-is-layout-flow\">\n<h3 class=\"wp-block-heading\" id=\"actuele-beleidsplannen\">Opera seria (Italian for serious opera)<\/h3>\n<\/div><\/div>\n\n\n\n<div class=\"ghostkit-col ghostkit-col-md-12 ghostkit-col-6\"><div class=\"ghostkit-col-content is-layout-flow wp-block-ghostkit-grid-column-is-layout-flow\">\n<p>Italian opera genre that developed at the end of the seventeenth century from various style elements into a theatre genre with a sublime character. The subjects for this type of opera are drawn from mythology, historical sources and the classical heroic dramas of Greek Antiquity and are mainly about high-ranking characters.<\/p>\n<\/div><\/div>\n<\/div><\/div>\n\n\n\n<div class=\"ghostkit-divider ghostkit-divider-type-solid ghostkit-custom-ZHxihd\"><\/div>\n\n\n\n<div class=\"ghostkit-grid ghostkit-grid-gap-md\"><div class=\"ghostkit-grid-inner\">\n<div class=\"ghostkit-col ghostkit-col-md-12 ghostkit-col-6\"><div class=\"ghostkit-col-content is-layout-flow wp-block-ghostkit-grid-column-is-layout-flow\">\n<h3 class=\"wp-block-heading\" id=\"actuele-beleidsplannen\">Operetta<\/h3>\n<\/div><\/div>\n\n\n\n<div class=\"ghostkit-col ghostkit-col-md-12 ghostkit-col-6\"><div class=\"ghostkit-col-content is-layout-flow wp-block-ghostkit-grid-column-is-layout-flow\">\n<p>Cheerful genre of musical performance with spoken dialogues, songs, and dances, popularised by Jacques Offenbach in Paris around 1850. The operetta, originally a parody of opera, always takes into account the audiences\u2019 entertainment needs. The operetta was popular from 1850 to 1950. Its fundamental distinction from opera is its bold, satirical or gooey sentimental undertone, and the music and theme are always lighter.<\/p>\n<\/div><\/div>\n<\/div><\/div>\n\n\n\n<div class=\"ghostkit-divider ghostkit-divider-type-solid ghostkit-custom-Z1OhsgF\"><\/div>\n\n\n\n<div class=\"ghostkit-grid ghostkit-grid-gap-md\"><div class=\"ghostkit-grid-inner\">\n<div class=\"ghostkit-col ghostkit-col-md-12 ghostkit-col-6\"><div class=\"ghostkit-col-content is-layout-flow wp-block-ghostkit-grid-column-is-layout-flow\">\n<h3 class=\"wp-block-heading\" id=\"actuele-beleidsplannen\">Overture<\/h3>\n<\/div><\/div>\n\n\n\n<div class=\"ghostkit-col ghostkit-col-md-12 ghostkit-col-6\"><div class=\"ghostkit-col-content is-layout-flow wp-block-ghostkit-grid-column-is-layout-flow\">\n<p>The opera usually opens with an overture or opening piece. In the overture, only the orchestra plays. There is no singing. Musical motifs emerge and return later in the opera.<\/p>\n<\/div><\/div>\n<\/div><\/div>\n\n\n\n<div class=\"ghostkit-divider ghostkit-divider-type-solid ghostkit-custom-N5rP3\"><\/div>\n\n\n\n<div class=\"ghostkit-grid ghostkit-grid-gap-md\"><div class=\"ghostkit-grid-inner\">\n<div class=\"ghostkit-col ghostkit-col-md-12 ghostkit-col-6\"><div class=\"ghostkit-col-content is-layout-flow wp-block-ghostkit-grid-column-is-layout-flow\">\n<h3 class=\"wp-block-heading\" id=\"actuele-beleidsplannen\">Character<\/h3>\n<\/div><\/div>\n\n\n\n<div class=\"ghostkit-col ghostkit-col-md-12 ghostkit-col-6\"><div class=\"ghostkit-col-content is-layout-flow wp-block-ghostkit-grid-column-is-layout-flow\">\n<p>Role in which the actor\/singer acts; the character represented.<\/p>\n<\/div><\/div>\n<\/div><\/div>\n\n\n\n<div class=\"ghostkit-divider ghostkit-divider-type-solid ghostkit-custom-2agrob\"><\/div>\n\n\n\n<div class=\"ghostkit-grid ghostkit-grid-gap-md\"><div class=\"ghostkit-grid-inner\">\n<div class=\"ghostkit-col ghostkit-col-md-12 ghostkit-col-6\"><div class=\"ghostkit-col-content is-layout-flow wp-block-ghostkit-grid-column-is-layout-flow\">\n<h3 class=\"wp-block-heading\" id=\"actuele-beleidsplannen\">Part<\/h3>\n<\/div><\/div>\n\n\n\n<div class=\"ghostkit-col ghostkit-col-md-12 ghostkit-col-6\"><div class=\"ghostkit-col-content is-layout-flow wp-block-ghostkit-grid-column-is-layout-flow\">\n<p>A section performed by a specific voice or instrument.<\/p>\n<\/div><\/div>\n<\/div><\/div>\n\n\n\n<div class=\"ghostkit-divider ghostkit-divider-type-solid ghostkit-custom-1Antfh\"><\/div>\n\n\n\n<div class=\"ghostkit-grid ghostkit-grid-gap-md\"><div class=\"ghostkit-grid-inner\">\n<div class=\"ghostkit-col ghostkit-col-md-12 ghostkit-col-6\"><div class=\"ghostkit-col-content is-layout-flow wp-block-ghostkit-grid-column-is-layout-flow\">\n<h3 class=\"wp-block-heading\" id=\"actuele-beleidsplannen\">Score<\/h3>\n<\/div><\/div>\n\n\n\n<div class=\"ghostkit-col ghostkit-col-md-12 ghostkit-col-6\"><div class=\"ghostkit-col-content is-layout-flow wp-block-ghostkit-grid-column-is-layout-flow\">\n<p>The written recording of all musical lines in an opera or other piece of music. In the score, all notes of the simultaneously sounding orchestra instruments and the singers\u2019 voices are displayed one below the other. The score thus gives an exact impression of the progress of the music. For the conductor, the score is indispensable for the performance\u2019s preparation. The conductor uses the score to musically leads the opera.<\/p>\n<\/div><\/div>\n<\/div><\/div>\n\n\n\n<div class=\"ghostkit-divider ghostkit-divider-type-solid ghostkit-custom-2nWbFx\"><\/div>\n\n\n\n<div class=\"ghostkit-grid ghostkit-grid-gap-md\"><div class=\"ghostkit-grid-inner\">\n<div class=\"ghostkit-col ghostkit-col-md-12 ghostkit-col-6\"><div class=\"ghostkit-col-content is-layout-flow wp-block-ghostkit-grid-column-is-layout-flow\">\n<h3 class=\"wp-block-heading\" id=\"actuele-beleidsplannen\">Recitative (half sing, half talk)<\/h3>\n<\/div><\/div>\n\n\n\n<div class=\"ghostkit-col ghostkit-col-md-12 ghostkit-col-6\"><div class=\"ghostkit-col-content is-layout-flow wp-block-ghostkit-grid-column-is-layout-flow\">\n<p>The text sung or spoken in an opera that connects arias or ensemble numbers. The story takes place and develops in the recitative, in contrast to the aria, which expresses the story\u2019s emotional response. The sung or spoken word\u2019s intelligibility in the recitative is therefore essential. There is a distinction between \u2018recitativo secco\u2019, which is only accompanied by a stringed instrument (such as harpsichord or cello), and the \u2018recitativo accompagnato\u2019, which has extensive accompaniment.<\/p>\n<\/div><\/div>\n<\/div><\/div>\n\n\n\n<div class=\"ghostkit-divider ghostkit-divider-type-solid ghostkit-custom-Z1nYwaK\"><\/div>\n\n\n\n<div class=\"ghostkit-grid ghostkit-grid-gap-md\"><div class=\"ghostkit-grid-inner\">\n<div class=\"ghostkit-col ghostkit-col-md-12 ghostkit-col-6\"><div class=\"ghostkit-col-content is-layout-flow wp-block-ghostkit-grid-column-is-layout-flow\">\n<h3 class=\"wp-block-heading\" id=\"actuele-beleidsplannen\">Rehearsals<\/h3>\n<\/div><\/div>\n\n\n\n<div class=\"ghostkit-col ghostkit-col-md-12 ghostkit-col-6\"><div class=\"ghostkit-col-content is-layout-flow wp-block-ghostkit-grid-column-is-layout-flow\">\n<p>The opera company draws up a schedule stating when soloists and choir members rehearse with the r\u00e9p\u00e9titeur (pianist). All singers must know their part before rehearsals start. Scenes are practised in a rehearsal period of four to six weeks, in which reading, musical and theatre rehearsals take place.&#13;\n&#13;\nAt the Sitz and B\u00fchneprobe (sitting and stage rehearsal), the entire opera is rehearsed from start to finish. The musical part is mainly discussed during the Sitzprobe, and the direction is discussed during the B\u00fchneprobe. In the week before the premiere, there are the pr\u00e9generales (piano serale, pr\u00e9generale with orchestra and generale with orchestra, also called Avant-premi\u00e8re). At Opera Zuid, there are four weeks of rehearsal in the Studio (rehearsal room). Then, in the last two weeks before the premiere, rehearsals take place in the premiere theatre.<\/p>\n<\/div><\/div>\n<\/div><\/div>\n\n\n\n<div class=\"ghostkit-divider ghostkit-divider-type-solid ghostkit-custom-2r6L2F\"><\/div>\n\n\n\n<div class=\"ghostkit-grid ghostkit-grid-gap-md\"><div class=\"ghostkit-grid-inner\">\n<div class=\"ghostkit-col ghostkit-col-md-12 ghostkit-col-6\"><div class=\"ghostkit-col-content is-layout-flow wp-block-ghostkit-grid-column-is-layout-flow\">\n<h3 class=\"wp-block-heading\" id=\"actuele-beleidsplannen\">Role<\/h3>\n<\/div><\/div>\n\n\n\n<div class=\"ghostkit-col ghostkit-col-md-12 ghostkit-col-6\"><div class=\"ghostkit-col-content is-layout-flow wp-block-ghostkit-grid-column-is-layout-flow\">\n<p>When singers speak of a role, this refers to the character played or presented.<\/p>\n<\/div><\/div>\n<\/div><\/div>\n\n\n\r\n<div class=\"eye-block eye_empty_space eye_empty_space--small pt-md-3 pb-md-3 pt-2 pb-2\" ><\/div>\n\r\n    <\/div>\r\n\r\n<\/div>\r\n","protected":false},"excerpt":{"rendered":"","protected":false},"author":3,"featured_media":0,"parent":0,"menu_order":0,"comment_status":"closed","ping_status":"closed","template":"","meta":{"_acf_changed":false,"ghostkit_customizer_options":"","ghostkit_custom_css":"","ghostkit_custom_js_head":"","ghostkit_custom_js_foot":"","ghostkit_typography":"","_monsterinsights_skip_tracking":false,"_monsterinsights_sitenote_active":false,"_monsterinsights_sitenote_note":"","_monsterinsights_sitenote_category":0,"footnotes":""},"class_list":["post-12486","page","type-page","status-publish","hentry"],"acf":[],"yoast_head":"<!-- This site is optimized with the Yoast SEO plugin v27.3 - https:\/\/yoast.com\/product\/yoast-seo-wordpress\/ -->\n<title>Opera facts - Opera Zuid<\/title>\n<meta name=\"robots\" content=\"index, follow, max-snippet:-1, max-image-preview:large, max-video-preview:-1\" \/>\n<link rel=\"canonical\" href=\"https:\/\/operazuid.nl\/en\/opera-facts\/\" \/>\n<meta property=\"og:locale\" content=\"en_US\" \/>\n<meta property=\"og:type\" content=\"article\" \/>\n<meta property=\"og:title\" content=\"Opera facts - Opera Zuid\" \/>\n<meta property=\"og:url\" content=\"https:\/\/operazuid.nl\/en\/opera-facts\/\" \/>\n<meta property=\"og:site_name\" content=\"Opera Zuid\" \/>\n<meta property=\"article:publisher\" content=\"https:\/\/www.facebook.com\/operazuid\" \/>\n<meta property=\"article:modified_time\" content=\"2023-06-27T15:33:58+00:00\" \/>\n<meta name=\"twitter:card\" content=\"summary_large_image\" \/>\n<meta name=\"twitter:site\" content=\"@operazuid\" \/>\n<meta name=\"twitter:label1\" content=\"Est. reading time\" \/>\n\t<meta name=\"twitter:data1\" content=\"4 minutes\" \/>\n<script type=\"application\/ld+json\" class=\"yoast-schema-graph\">{\"@context\":\"https:\\\/\\\/schema.org\",\"@graph\":[{\"@type\":\"WebPage\",\"@id\":\"https:\\\/\\\/operazuid.nl\\\/en\\\/opera-facts\\\/\",\"url\":\"https:\\\/\\\/operazuid.nl\\\/en\\\/opera-facts\\\/\",\"name\":\"Opera facts - Opera Zuid\",\"isPartOf\":{\"@id\":\"https:\\\/\\\/operazuid.nl\\\/#website\"},\"datePublished\":\"2023-06-20T14:17:19+00:00\",\"dateModified\":\"2023-06-27T15:33:58+00:00\",\"breadcrumb\":{\"@id\":\"https:\\\/\\\/operazuid.nl\\\/en\\\/opera-facts\\\/#breadcrumb\"},\"inLanguage\":\"en-US\",\"potentialAction\":[{\"@type\":\"ReadAction\",\"target\":[\"https:\\\/\\\/operazuid.nl\\\/en\\\/opera-facts\\\/\"]}]},{\"@type\":\"BreadcrumbList\",\"@id\":\"https:\\\/\\\/operazuid.nl\\\/en\\\/opera-facts\\\/#breadcrumb\",\"itemListElement\":[{\"@type\":\"ListItem\",\"position\":1,\"name\":\"Home\",\"item\":\"https:\\\/\\\/operazuid.nl\\\/en\\\/\"},{\"@type\":\"ListItem\",\"position\":2,\"name\":\"Opera facts\"}]},{\"@type\":\"WebSite\",\"@id\":\"https:\\\/\\\/operazuid.nl\\\/#website\",\"url\":\"https:\\\/\\\/operazuid.nl\\\/\",\"name\":\"Opera Zuid\",\"description\":\"Authentic opera theatre\",\"publisher\":{\"@id\":\"https:\\\/\\\/operazuid.nl\\\/#organization\"},\"potentialAction\":[{\"@type\":\"SearchAction\",\"target\":{\"@type\":\"EntryPoint\",\"urlTemplate\":\"https:\\\/\\\/operazuid.nl\\\/?s={search_term_string}\"},\"query-input\":{\"@type\":\"PropertyValueSpecification\",\"valueRequired\":true,\"valueName\":\"search_term_string\"}}],\"inLanguage\":\"en-US\"},{\"@type\":\"Organization\",\"@id\":\"https:\\\/\\\/operazuid.nl\\\/#organization\",\"name\":\"Opera Zuid\",\"url\":\"https:\\\/\\\/operazuid.nl\\\/\",\"logo\":{\"@type\":\"ImageObject\",\"inLanguage\":\"en-US\",\"@id\":\"https:\\\/\\\/operazuid.nl\\\/#\\\/schema\\\/logo\\\/image\\\/\",\"url\":\"https:\\\/\\\/operazuid.nl\\\/wp-content\\\/uploads\\\/2023\\\/06\\\/Artboard-1-copy-3L.png\",\"contentUrl\":\"https:\\\/\\\/operazuid.nl\\\/wp-content\\\/uploads\\\/2023\\\/06\\\/Artboard-1-copy-3L.png\",\"width\":1306,\"height\":646,\"caption\":\"Opera Zuid\"},\"image\":{\"@id\":\"https:\\\/\\\/operazuid.nl\\\/#\\\/schema\\\/logo\\\/image\\\/\"},\"sameAs\":[\"https:\\\/\\\/www.facebook.com\\\/operazuid\",\"https:\\\/\\\/x.com\\\/operazuid\",\"https:\\\/\\\/www.instagram.com\\\/operazuid\\\/\",\"https:\\\/\\\/nl.linkedin.com\\\/company\\\/stichting-opera-zuid\",\"https:\\\/\\\/www.youtube.com\\\/operazuid\"]}]}<\/script>\n<!-- \/ Yoast SEO plugin. -->","yoast_head_json":{"title":"Opera facts - Opera Zuid","robots":{"index":"index","follow":"follow","max-snippet":"max-snippet:-1","max-image-preview":"max-image-preview:large","max-video-preview":"max-video-preview:-1"},"canonical":"https:\/\/operazuid.nl\/en\/opera-facts\/","og_locale":"en_US","og_type":"article","og_title":"Opera facts - Opera Zuid","og_url":"https:\/\/operazuid.nl\/en\/opera-facts\/","og_site_name":"Opera Zuid","article_publisher":"https:\/\/www.facebook.com\/operazuid","article_modified_time":"2023-06-27T15:33:58+00:00","twitter_card":"summary_large_image","twitter_site":"@operazuid","twitter_misc":{"Est. reading time":"4 minutes"},"schema":{"@context":"https:\/\/schema.org","@graph":[{"@type":"WebPage","@id":"https:\/\/operazuid.nl\/en\/opera-facts\/","url":"https:\/\/operazuid.nl\/en\/opera-facts\/","name":"Opera facts - Opera Zuid","isPartOf":{"@id":"https:\/\/operazuid.nl\/#website"},"datePublished":"2023-06-20T14:17:19+00:00","dateModified":"2023-06-27T15:33:58+00:00","breadcrumb":{"@id":"https:\/\/operazuid.nl\/en\/opera-facts\/#breadcrumb"},"inLanguage":"en-US","potentialAction":[{"@type":"ReadAction","target":["https:\/\/operazuid.nl\/en\/opera-facts\/"]}]},{"@type":"BreadcrumbList","@id":"https:\/\/operazuid.nl\/en\/opera-facts\/#breadcrumb","itemListElement":[{"@type":"ListItem","position":1,"name":"Home","item":"https:\/\/operazuid.nl\/en\/"},{"@type":"ListItem","position":2,"name":"Opera facts"}]},{"@type":"WebSite","@id":"https:\/\/operazuid.nl\/#website","url":"https:\/\/operazuid.nl\/","name":"Opera Zuid","description":"Authentic opera theatre","publisher":{"@id":"https:\/\/operazuid.nl\/#organization"},"potentialAction":[{"@type":"SearchAction","target":{"@type":"EntryPoint","urlTemplate":"https:\/\/operazuid.nl\/?s={search_term_string}"},"query-input":{"@type":"PropertyValueSpecification","valueRequired":true,"valueName":"search_term_string"}}],"inLanguage":"en-US"},{"@type":"Organization","@id":"https:\/\/operazuid.nl\/#organization","name":"Opera Zuid","url":"https:\/\/operazuid.nl\/","logo":{"@type":"ImageObject","inLanguage":"en-US","@id":"https:\/\/operazuid.nl\/#\/schema\/logo\/image\/","url":"https:\/\/operazuid.nl\/wp-content\/uploads\/2023\/06\/Artboard-1-copy-3L.png","contentUrl":"https:\/\/operazuid.nl\/wp-content\/uploads\/2023\/06\/Artboard-1-copy-3L.png","width":1306,"height":646,"caption":"Opera Zuid"},"image":{"@id":"https:\/\/operazuid.nl\/#\/schema\/logo\/image\/"},"sameAs":["https:\/\/www.facebook.com\/operazuid","https:\/\/x.com\/operazuid","https:\/\/www.instagram.com\/operazuid\/","https:\/\/nl.linkedin.com\/company\/stichting-opera-zuid","https:\/\/www.youtube.com\/operazuid"]}]}},"_links":{"self":[{"href":"https:\/\/operazuid.nl\/en\/wp-json\/wp\/v2\/pages\/12486","targetHints":{"allow":["GET"]}}],"collection":[{"href":"https:\/\/operazuid.nl\/en\/wp-json\/wp\/v2\/pages"}],"about":[{"href":"https:\/\/operazuid.nl\/en\/wp-json\/wp\/v2\/types\/page"}],"author":[{"embeddable":true,"href":"https:\/\/operazuid.nl\/en\/wp-json\/wp\/v2\/users\/3"}],"replies":[{"embeddable":true,"href":"https:\/\/operazuid.nl\/en\/wp-json\/wp\/v2\/comments?post=12486"}],"version-history":[{"count":1,"href":"https:\/\/operazuid.nl\/en\/wp-json\/wp\/v2\/pages\/12486\/revisions"}],"predecessor-version":[{"id":12487,"href":"https:\/\/operazuid.nl\/en\/wp-json\/wp\/v2\/pages\/12486\/revisions\/12487"}],"wp:attachment":[{"href":"https:\/\/operazuid.nl\/en\/wp-json\/wp\/v2\/media?parent=12486"}],"curies":[{"name":"wp","href":"https:\/\/api.w.org\/{rel}","templated":true}]}}